{"id":10272,"date":"2022-06-27T18:48:49","date_gmt":"2022-06-27T16:48:49","guid":{"rendered":"https:\/\/www.wildbienenforschung.de\/?page_id=10272"},"modified":"2025-02-14T13:15:49","modified_gmt":"2025-02-14T12:15:49","slug":"stadtoekologische-forschung","status":"publish","type":"page","link":"https:\/\/www.wildbienenforschung.de\/en\/unsere-forschung\/stadtoekologische-forschung\/","title":{"rendered":"Urban ecology"},"content":{"rendered":"<p>We visit each garden about every month during the summer (April to September) with a team of interdisciplinary field scientists. In the center of each garden, we study the plants and animals within a \u00a0 \u00a0 \u00a0 \u00a0\u00a0 20 x 20 m area to ensure that the studies are comparable, even though the gardens are very different in size.<\/p>\n","protected":false},"excerpt":{"rendered":"<p>We visit each garden about every month during the summer (April to September) with a team of interdisciplinary field scientists. In the center of each garden, we study the plants and animals within a \u00a0 \u00a0 \u00a0 &#8230;<\/p>\n","protected":false},"author":72,"featured_media":0,"parent":9462,"menu_order":17,"comment_status":"closed","ping_status":"closed","template":"","meta":{"_acf_changed":false,"footnotes":""},"acf":[],"yoast_head":"\n<title>Urban ecology - Forschen f\u00fcr Wildbienen<\/title>\n<meta name=\"description\" content=\"Wo finde ich Ausschreibungen? Welche Unterlagen sind wichtig f\u00fcr die Abgabe? Welche Anforderungen muss ich erf\u00fcllen und wie l\u00e4uft ein Ausschreibungsverfahren ab? Auf dieser Seite finden sich Antworten auf diese und andere Fragen zur Teilnahme an \u00f6ffentlichen Ausschreibungen aus sozialunternehmerischer Perspektive.\" \/>\n<meta name=\"robots\" content=\"index, follow, max-snippet:-1, max-image-preview:large, max-video-preview:-1\" \/>\n<link rel=\"canonical\" href=\"https:\/\/www.wildbienenforschung.de\/unsere-forschung\/stadtoekologische-forschung\/\" \/>\n<meta property=\"og:locale\" content=\"en_GB\" \/>\n<meta property=\"og:type\" content=\"article\" \/>\n<meta property=\"og:title\" content=\"Kleine Anleitung zur Handhabung \u00f6ffentlicher Ausschreibungen\" \/>\n<meta property=\"og:description\" content=\"Wo finde ich Ausschreibungen? Welche Unterlagen sind wichtig f\u00fcr die Abgabe? Welche Anforderungen muss ich erf\u00fcllen und wie l\u00e4uft ein Ausschreibungsverfahren ab? Auf dieser Seite finden sich Antworten auf diese und andere Fragen zur Teilnahme an \u00f6ffentlichen Ausschreibungen aus sozialunternehmerischer Perspektive.\" \/>\n<meta property=\"og:url\" content=\"https:\/\/www.wildbienenforschung.de\/unsere-forschung\/stadtoekologische-forschung\/\" \/>\n<meta property=\"og:site_name\" content=\"Forschen f\u00fcr Wildbienen\" \/>\n<meta property=\"article:modified_time\" content=\"2025-02-14T12:15:49+00:00\" \/>\n<meta property=\"og:image\" content=\"https:\/\/www.wildbienenforschung.de\/wp-content\/uploads\/NKMBEEWILD_Social_1200x630.jpg\" \/>\n\t<meta property=\"og:image:width\" content=\"1200\" \/>\n\t<meta property=\"og:image:height\" content=\"630\" \/>\n\t<meta property=\"og:image:type\" content=\"image\/jpeg\" \/>\n<meta name=\"twitter:card\" content=\"summary_large_image\" \/>\n<meta name=\"twitter:title\" content=\"Kleine Anleitung zur Handhabung \u00f6ffentlicher Ausschreibungen\" \/>\n<meta name=\"twitter:description\" content=\"Wo finde ich Ausschreibungen? Welche Unterlagen sind wichtig f\u00fcr die Abgabe? Welche Anforderungen muss ich erf\u00fcllen und wie l\u00e4uft ein Ausschreibungsverfahren ab? Auf dieser Seite finden sich Antworten auf diese und andere Fragen zur Teilnahme an \u00f6ffentlichen Ausschreibungen aus sozialunternehmerischer Perspektive.\" \/>\n<meta name=\"twitter:label1\" content=\"Estimated reading time\" \/>\n\t<meta name=\"twitter:data1\" content=\"1 minute\" \/>\n<script type=\"application\/ld+json\" class=\"yoast-schema-graph\">{\"@context\":\"https:\/\/schema.org\",\"@graph\":[{\"@type\":\"WebPage\",\"@id\":\"https:\/\/www.wildbienenforschung.de\/unsere-forschung\/stadtoekologische-forschung\/\",\"url\":\"https:\/\/www.wildbienenforschung.de\/unsere-forschung\/stadtoekologische-forschung\/\",\"name\":\"[:de]Stadt\u00f6kologische Forschung[:en]Urban ecology[:] - Forschen f\u00fcr Wildbienen\",\"isPartOf\":{\"@id\":\"https:\/\/www.wildbienenforschung.de\/#website\"},\"datePublished\":\"2022-06-27T16:48:49+00:00\",\"dateModified\":\"2025-02-14T12:15:49+00:00\",\"description\":\"Wo finde ich Ausschreibungen? Welche Unterlagen sind wichtig f\u00fcr die Abgabe? Welche Anforderungen muss ich erf\u00fcllen und wie l\u00e4uft ein Ausschreibungsverfahren ab? Auf dieser Seite finden sich Antworten auf diese und andere Fragen zur Teilnahme an \u00f6ffentlichen Ausschreibungen aus sozialunternehmerischer Perspektive.\",\"breadcrumb\":{\"@id\":\"https:\/\/www.wildbienenforschung.de\/unsere-forschung\/stadtoekologische-forschung\/#breadcrumb\"},\"inLanguage\":\"en-GB\",\"potentialAction\":[{\"@type\":\"ReadAction\",\"target\":[\"https:\/\/www.wildbienenforschung.de\/unsere-forschung\/stadtoekologische-forschung\/\"]}]},{\"@type\":\"BreadcrumbList\",\"@id\":\"https:\/\/www.wildbienenforschung.de\/unsere-forschung\/stadtoekologische-forschung\/#breadcrumb\",\"itemListElement\":[{\"@type\":\"ListItem\",\"position\":1,\"name\":\"Unsere Forschung\",\"item\":\"https:\/\/www.wildbienenforschung.de\/unsere-forschung\/\"},{\"@type\":\"ListItem\",\"position\":2,\"name\":\"Stadt\u00f6kologische Forschung\"}]},{\"@type\":\"WebSite\",\"@id\":\"https:\/\/www.wildbienenforschung.de\/#website\",\"url\":\"https:\/\/www.wildbienenforschung.de\/\",\"name\":\"Forschen f\u00fcr Wildbienen\",\"description\":\"\",\"publisher\":{\"@id\":\"https:\/\/www.wildbienenforschung.de\/#organization\"},\"potentialAction\":[{\"@type\":\"SearchAction\",\"target\":{\"@type\":\"EntryPoint\",\"urlTemplate\":\"https:\/\/www.wildbienenforschung.de\/?s={search_term_string}\"},\"query-input\":\"required name=search_term_string\"}],\"inLanguage\":\"en-GB\"},{\"@type\":\"Organization\",\"@id\":\"https:\/\/www.wildbienenforschung.de\/#organization\",\"name\":\"Museum f\u00fcr Naturkunde Berlin, Leibnitz-Institut f\u00fcr Evolutions- und Biodiversit\u00e4tsforschung\",\"alternateName\":\"MfN\",\"url\":\"https:\/\/www.wildbienenforschung.de\/\",\"logo\":{\"@type\":\"ImageObject\",\"inLanguage\":\"en-GB\",\"@id\":\"https:\/\/www.wildbienenforschung.de\/#\/schema\/logo\/image\/\",\"url\":\"https:\/\/www.wildbienenforschung.de\/wp-content\/uploads\/NKMBEEWILD_Logo_MfN@4x.jpg\",\"contentUrl\":\"https:\/\/www.wildbienenforschung.de\/wp-content\/uploads\/NKMBEEWILD_Logo_MfN@4x.jpg\",\"width\":564,\"height\":324,\"caption\":\"Museum f\u00fcr Naturkunde Berlin, Leibnitz-Institut f\u00fcr Evolutions- und Biodiversit\u00e4tsforschung\"},\"image\":{\"@id\":\"https:\/\/www.wildbienenforschung.de\/#\/schema\/logo\/image\/\"}}]}<\/script>\n","yoast_head_json":{"title":"Urban ecology - Forschen f\u00fcr Wildbienen","description":"Wo finde ich Ausschreibungen? Welche Unterlagen sind wichtig f\u00fcr die Abgabe? Welche Anforderungen muss ich erf\u00fcllen und wie l\u00e4uft ein Ausschreibungsverfahren ab? Auf dieser Seite finden sich Antworten auf diese und andere Fragen zur Teilnahme an \u00f6ffentlichen Ausschreibungen aus sozialunternehmerischer Perspektive.","robots":{"index":"index","follow":"follow","max-snippet":"max-snippet:-1","max-image-preview":"max-image-preview:large","max-video-preview":"max-video-preview:-1"},"canonical":"https:\/\/www.wildbienenforschung.de\/unsere-forschung\/stadtoekologische-forschung\/","og_locale":"en_GB","og_type":"article","og_title":"Kleine Anleitung zur Handhabung \u00f6ffentlicher Ausschreibungen","og_description":"Wo finde ich Ausschreibungen? Welche Unterlagen sind wichtig f\u00fcr die Abgabe? Welche Anforderungen muss ich erf\u00fcllen und wie l\u00e4uft ein Ausschreibungsverfahren ab? Auf dieser Seite finden sich Antworten auf diese und andere Fragen zur Teilnahme an \u00f6ffentlichen Ausschreibungen aus sozialunternehmerischer Perspektive.","og_url":"https:\/\/www.wildbienenforschung.de\/unsere-forschung\/stadtoekologische-forschung\/","og_site_name":"Forschen f\u00fcr Wildbienen","article_modified_time":"2025-02-14T12:15:49+00:00","og_image":[{"width":1200,"height":630,"url":"https:\/\/www.wildbienenforschung.de\/wp-content\/uploads\/NKMBEEWILD_Social_1200x630.jpg","type":"image\/jpeg"}],"twitter_card":"summary_large_image","twitter_title":"Kleine Anleitung zur Handhabung \u00f6ffentlicher Ausschreibungen","twitter_description":"Wo finde ich Ausschreibungen? Welche Unterlagen sind wichtig f\u00fcr die Abgabe? Welche Anforderungen muss ich erf\u00fcllen und wie l\u00e4uft ein Ausschreibungsverfahren ab? Auf dieser Seite finden sich Antworten auf diese und andere Fragen zur Teilnahme an \u00f6ffentlichen Ausschreibungen aus sozialunternehmerischer Perspektive.","twitter_misc":{"Estimated reading time":"1 minute"},"schema":{"@context":"https:\/\/schema.org","@graph":[{"@type":"WebPage","@id":"https:\/\/www.wildbienenforschung.de\/unsere-forschung\/stadtoekologische-forschung\/","url":"https:\/\/www.wildbienenforschung.de\/unsere-forschung\/stadtoekologische-forschung\/","name":"[:de]Stadt\u00f6kologische Forschung[:en]Urban ecology[:] - Forschen f\u00fcr Wildbienen","isPartOf":{"@id":"https:\/\/www.wildbienenforschung.de\/#website"},"datePublished":"2022-06-27T16:48:49+00:00","dateModified":"2025-02-14T12:15:49+00:00","description":"Wo finde ich Ausschreibungen? Welche Unterlagen sind wichtig f\u00fcr die Abgabe? Welche Anforderungen muss ich erf\u00fcllen und wie l\u00e4uft ein Ausschreibungsverfahren ab? Auf dieser Seite finden sich Antworten auf diese und andere Fragen zur Teilnahme an \u00f6ffentlichen Ausschreibungen aus sozialunternehmerischer Perspektive.","breadcrumb":{"@id":"https:\/\/www.wildbienenforschung.de\/unsere-forschung\/stadtoekologische-forschung\/#breadcrumb"},"inLanguage":"en-GB","potentialAction":[{"@type":"ReadAction","target":["https:\/\/www.wildbienenforschung.de\/unsere-forschung\/stadtoekologische-forschung\/"]}]},{"@type":"BreadcrumbList","@id":"https:\/\/www.wildbienenforschung.de\/unsere-forschung\/stadtoekologische-forschung\/#breadcrumb","itemListElement":[{"@type":"ListItem","position":1,"name":"Unsere Forschung","item":"https:\/\/www.wildbienenforschung.de\/unsere-forschung\/"},{"@type":"ListItem","position":2,"name":"Stadt\u00f6kologische Forschung"}]},{"@type":"WebSite","@id":"https:\/\/www.wildbienenforschung.de\/#website","url":"https:\/\/www.wildbienenforschung.de\/","name":"Forschen f\u00fcr Wildbienen","description":"","publisher":{"@id":"https:\/\/www.wildbienenforschung.de\/#organization"},"potentialAction":[{"@type":"SearchAction","target":{"@type":"EntryPoint","urlTemplate":"https:\/\/www.wildbienenforschung.de\/?s={search_term_string}"},"query-input":"required name=search_term_string"}],"inLanguage":"en-GB"},{"@type":"Organization","@id":"https:\/\/www.wildbienenforschung.de\/#organization","name":"Museum f\u00fcr Naturkunde Berlin, Leibnitz-Institut f\u00fcr Evolutions- und Biodiversit\u00e4tsforschung","alternateName":"MfN","url":"https:\/\/www.wildbienenforschung.de\/","logo":{"@type":"ImageObject","inLanguage":"en-GB","@id":"https:\/\/www.wildbienenforschung.de\/#\/schema\/logo\/image\/","url":"https:\/\/www.wildbienenforschung.de\/wp-content\/uploads\/NKMBEEWILD_Logo_MfN@4x.jpg","contentUrl":"https:\/\/www.wildbienenforschung.de\/wp-content\/uploads\/NKMBEEWILD_Logo_MfN@4x.jpg","width":564,"height":324,"caption":"Museum f\u00fcr Naturkunde Berlin, Leibnitz-Institut f\u00fcr Evolutions- und Biodiversit\u00e4tsforschung"},"image":{"@id":"https:\/\/www.wildbienenforschung.de\/#\/schema\/logo\/image\/"}}]}},"_links":{"self":[{"href":"https:\/\/www.wildbienenforschung.de\/en\/wp-json\/wp\/v2\/pages\/10272"}],"collection":[{"href":"https:\/\/www.wildbienenforschung.de\/en\/wp-json\/wp\/v2\/pages"}],"about":[{"href":"https:\/\/www.wildbienenforschung.de\/en\/wp-json\/wp\/v2\/types\/page"}],"author":[{"embeddable":true,"href":"https:\/\/www.wildbienenforschung.de\/en\/wp-json\/wp\/v2\/users\/72"}],"replies":[{"embeddable":true,"href":"https:\/\/www.wildbienenforschung.de\/en\/wp-json\/wp\/v2\/comments?post=10272"}],"version-history":[{"count":0,"href":"https:\/\/www.wildbienenforschung.de\/en\/wp-json\/wp\/v2\/pages\/10272\/revisions"}],"up":[{"embeddable":true,"href":"https:\/\/www.wildbienenforschung.de\/en\/wp-json\/wp\/v2\/pages\/9462"}],"wp:attachment":[{"href":"https:\/\/www.wildbienenforschung.de\/en\/wp-json\/wp\/v2\/media?parent=10272"}],"curies":[{"name":"wp","href":"https:\/\/api.w.org\/{rel}","templated":true}]}}