{"id":10454,"date":"2022-06-29T15:36:50","date_gmt":"2022-06-29T13:36:50","guid":{"rendered":"https:\/\/soimto.devs.wigwam.im\/?page_id=10454"},"modified":"2025-02-14T15:03:25","modified_gmt":"2025-02-14T14:03:25","slug":"buergerforschung","status":"publish","type":"page","link":"https:\/\/www.wildbienenforschung.de\/en\/unsere-forschung\/buergerforschung\/","title":{"rendered":"Citizen Science"},"content":{"rendered":"<p>Together with gardeners, we investigated the harvest success of selected plants (strawberry, tomato, pumpkin, cucumber and\/or pepper plants) in their own beds. They documented when their plants (1) developed buds, (2) flowered and (3) bore fruit. They also measured the size of the fruits at harvest. This makes it possible to obtain research data from horticultural practice. In 2020 and 2021, gardeners examined a total of 154 plants. We are still evaluating these data, but we can already see that 70 of these plants did not produce a harvestable yield and 22 of them did not produce any fruit at all.<\/p>\n<p>In the second phase of the citizen science research, we will discuss the results and possible interventions together in summer 2023 and adapt them to practice.<\/p>\n","protected":false},"excerpt":{"rendered":"<p>Together with gardeners, we investigated the harvest success of selected plants (strawberry, tomato, pumpkin, cucumber and\/or pepper plants) in their own beds. They documented when their plants (1) developed buds, (2) flowered and (3) bore fruit. They &#8230;<\/p>\n","protected":false},"author":72,"featured_media":0,"parent":9462,"menu_order":15,"comment_status":"closed","ping_status":"closed","template":"","meta":{"_acf_changed":false,"footnotes":""},"acf":[],"yoast_head":"\n<title>Citizen Science - Forschen f\u00fcr Wildbienen<\/title>\n<meta name=\"description\" content=\"Zuallererst steht bei Sozialunternehmen der soziale beziehungsweise \u00f6kologische Mehrwert im Zentrum. Wirtschaftlicher Erfolg dient haupts\u00e4chlich dazu, die Mittel und M\u00f6glichkeiten zu haben, die gesetzten Ziele zu erf\u00fcllen. Allerdings definieren sich Sozialunternehmen selbst oft nicht als Sozialunternehmen. Die hier vorgestellte Fragenliste kann Euch helfen, festzustellen, ob Ihr ein Sozialunternehmen seid und was Euch das vielleicht an Vorteilen bringen kann.\" \/>\n<meta name=\"robots\" content=\"index, follow, max-snippet:-1, max-image-preview:large, max-video-preview:-1\" \/>\n<link rel=\"canonical\" href=\"https:\/\/www.wildbienenforschung.de\/unsere-forschung\/buergerforschung\/\" \/>\n<meta property=\"og:locale\" content=\"en_GB\" \/>\n<meta property=\"og:type\" content=\"article\" \/>\n<meta property=\"og:title\" content=\"Bin ich ein Sozialunternehmen?\" \/>\n<meta property=\"og:description\" content=\"Zuallererst steht bei Sozialunternehmen der soziale beziehungsweise \u00f6kologische Mehrwert im Zentrum. Wirtschaftlicher Erfolg dient haupts\u00e4chlich dazu, die Mittel und M\u00f6glichkeiten zu haben, die gesetzten Ziele zu erf\u00fcllen. Allerdings definieren sich Sozialunternehmen selbst oft nicht als Sozialunternehmen. Die hier vorgestellte Fragenliste kann Euch helfen, festzustellen, ob Ihr ein Sozialunternehmen seid und was Euch das vielleicht an Vorteilen bringen kann.\" \/>\n<meta property=\"og:url\" content=\"https:\/\/www.wildbienenforschung.de\/unsere-forschung\/buergerforschung\/\" \/>\n<meta property=\"og:site_name\" content=\"Forschen f\u00fcr Wildbienen\" \/>\n<meta property=\"article:modified_time\" content=\"2025-02-14T14:03:25+00:00\" \/>\n<meta property=\"og:image\" content=\"https:\/\/www.wildbienenforschung.de\/wp-content\/uploads\/NKMBEEWILD_Social_1200x630.jpg\" \/>\n\t<meta property=\"og:image:width\" content=\"1200\" \/>\n\t<meta property=\"og:image:height\" content=\"630\" \/>\n\t<meta property=\"og:image:type\" content=\"image\/jpeg\" \/>\n<meta name=\"twitter:card\" content=\"summary_large_image\" \/>\n<meta name=\"twitter:title\" content=\"Bin ich ein Sozialunternehmen?\" \/>\n<meta name=\"twitter:description\" content=\"Zuallererst steht bei Sozialunternehmen der soziale beziehungsweise \u00f6kologische Mehrwert im Zentrum. Wirtschaftlicher Erfolg dient haupts\u00e4chlich dazu, die Mittel und M\u00f6glichkeiten zu haben, die gesetzten Ziele zu erf\u00fcllen. Allerdings definieren sich Sozialunternehmen selbst oft nicht als Sozialunternehmen. Die hier vorgestellte Fragenliste kann Euch helfen, festzustellen, ob Ihr ein Sozialunternehmen seid und was Euch das vielleicht an Vorteilen bringen kann.\" \/>\n<meta name=\"twitter:label1\" content=\"Estimated reading time\" \/>\n\t<meta name=\"twitter:data1\" content=\"1 minute\" \/>\n<script type=\"application\/ld+json\" class=\"yoast-schema-graph\">{\"@context\":\"https:\/\/schema.org\",\"@graph\":[{\"@type\":\"WebPage\",\"@id\":\"https:\/\/www.wildbienenforschung.de\/unsere-forschung\/buergerforschung\/\",\"url\":\"https:\/\/www.wildbienenforschung.de\/unsere-forschung\/buergerforschung\/\",\"name\":\"[:de]B\u00fcrgerforschung[:en]Citizen Science[:] - Forschen f\u00fcr Wildbienen\",\"isPartOf\":{\"@id\":\"https:\/\/www.wildbienenforschung.de\/#website\"},\"datePublished\":\"2022-06-29T13:36:50+00:00\",\"dateModified\":\"2025-02-14T14:03:25+00:00\",\"description\":\"Zuallererst steht bei Sozialunternehmen der soziale beziehungsweise \u00f6kologische Mehrwert im Zentrum. Wirtschaftlicher Erfolg dient haupts\u00e4chlich dazu, die Mittel und M\u00f6glichkeiten zu haben, die gesetzten Ziele zu erf\u00fcllen. Allerdings definieren sich Sozialunternehmen selbst oft nicht als Sozialunternehmen. Die hier vorgestellte Fragenliste kann Euch helfen, festzustellen, ob Ihr ein Sozialunternehmen seid und was Euch das vielleicht an Vorteilen bringen kann.\",\"breadcrumb\":{\"@id\":\"https:\/\/www.wildbienenforschung.de\/unsere-forschung\/buergerforschung\/#breadcrumb\"},\"inLanguage\":\"en-GB\",\"potentialAction\":[{\"@type\":\"ReadAction\",\"target\":[\"https:\/\/www.wildbienenforschung.de\/unsere-forschung\/buergerforschung\/\"]}]},{\"@type\":\"BreadcrumbList\",\"@id\":\"https:\/\/www.wildbienenforschung.de\/unsere-forschung\/buergerforschung\/#breadcrumb\",\"itemListElement\":[{\"@type\":\"ListItem\",\"position\":1,\"name\":\"Unsere Forschung\",\"item\":\"https:\/\/www.wildbienenforschung.de\/unsere-forschung\/\"},{\"@type\":\"ListItem\",\"position\":2,\"name\":\"B\u00fcrgerforschung\"}]},{\"@type\":\"WebSite\",\"@id\":\"https:\/\/www.wildbienenforschung.de\/#website\",\"url\":\"https:\/\/www.wildbienenforschung.de\/\",\"name\":\"Forschen f\u00fcr Wildbienen\",\"description\":\"\",\"publisher\":{\"@id\":\"https:\/\/www.wildbienenforschung.de\/#organization\"},\"potentialAction\":[{\"@type\":\"SearchAction\",\"target\":{\"@type\":\"EntryPoint\",\"urlTemplate\":\"https:\/\/www.wildbienenforschung.de\/?s={search_term_string}\"},\"query-input\":\"required name=search_term_string\"}],\"inLanguage\":\"en-GB\"},{\"@type\":\"Organization\",\"@id\":\"https:\/\/www.wildbienenforschung.de\/#organization\",\"name\":\"Museum f\u00fcr Naturkunde Berlin, Leibnitz-Institut f\u00fcr Evolutions- und Biodiversit\u00e4tsforschung\",\"alternateName\":\"MfN\",\"url\":\"https:\/\/www.wildbienenforschung.de\/\",\"logo\":{\"@type\":\"ImageObject\",\"inLanguage\":\"en-GB\",\"@id\":\"https:\/\/www.wildbienenforschung.de\/#\/schema\/logo\/image\/\",\"url\":\"https:\/\/www.wildbienenforschung.de\/wp-content\/uploads\/NKMBEEWILD_Logo_MfN@4x.jpg\",\"contentUrl\":\"https:\/\/www.wildbienenforschung.de\/wp-content\/uploads\/NKMBEEWILD_Logo_MfN@4x.jpg\",\"width\":564,\"height\":324,\"caption\":\"Museum f\u00fcr Naturkunde Berlin, Leibnitz-Institut f\u00fcr Evolutions- und Biodiversit\u00e4tsforschung\"},\"image\":{\"@id\":\"https:\/\/www.wildbienenforschung.de\/#\/schema\/logo\/image\/\"}}]}<\/script>\n","yoast_head_json":{"title":"Citizen Science - Forschen f\u00fcr Wildbienen","description":"Zuallererst steht bei Sozialunternehmen der soziale beziehungsweise \u00f6kologische Mehrwert im Zentrum. Wirtschaftlicher Erfolg dient haupts\u00e4chlich dazu, die Mittel und M\u00f6glichkeiten zu haben, die gesetzten Ziele zu erf\u00fcllen. Allerdings definieren sich Sozialunternehmen selbst oft nicht als Sozialunternehmen. Die hier vorgestellte Fragenliste kann Euch helfen, festzustellen, ob Ihr ein Sozialunternehmen seid und was Euch das vielleicht an Vorteilen bringen kann.","robots":{"index":"index","follow":"follow","max-snippet":"max-snippet:-1","max-image-preview":"max-image-preview:large","max-video-preview":"max-video-preview:-1"},"canonical":"https:\/\/www.wildbienenforschung.de\/unsere-forschung\/buergerforschung\/","og_locale":"en_GB","og_type":"article","og_title":"Bin ich ein Sozialunternehmen?","og_description":"Zuallererst steht bei Sozialunternehmen der soziale beziehungsweise \u00f6kologische Mehrwert im Zentrum. Wirtschaftlicher Erfolg dient haupts\u00e4chlich dazu, die Mittel und M\u00f6glichkeiten zu haben, die gesetzten Ziele zu erf\u00fcllen. Allerdings definieren sich Sozialunternehmen selbst oft nicht als Sozialunternehmen. Die hier vorgestellte Fragenliste kann Euch helfen, festzustellen, ob Ihr ein Sozialunternehmen seid und was Euch das vielleicht an Vorteilen bringen kann.","og_url":"https:\/\/www.wildbienenforschung.de\/unsere-forschung\/buergerforschung\/","og_site_name":"Forschen f\u00fcr Wildbienen","article_modified_time":"2025-02-14T14:03:25+00:00","og_image":[{"width":1200,"height":630,"url":"https:\/\/www.wildbienenforschung.de\/wp-content\/uploads\/NKMBEEWILD_Social_1200x630.jpg","type":"image\/jpeg"}],"twitter_card":"summary_large_image","twitter_title":"Bin ich ein Sozialunternehmen?","twitter_description":"Zuallererst steht bei Sozialunternehmen der soziale beziehungsweise \u00f6kologische Mehrwert im Zentrum. Wirtschaftlicher Erfolg dient haupts\u00e4chlich dazu, die Mittel und M\u00f6glichkeiten zu haben, die gesetzten Ziele zu erf\u00fcllen. Allerdings definieren sich Sozialunternehmen selbst oft nicht als Sozialunternehmen. Die hier vorgestellte Fragenliste kann Euch helfen, festzustellen, ob Ihr ein Sozialunternehmen seid und was Euch das vielleicht an Vorteilen bringen kann.","twitter_misc":{"Estimated reading time":"1 minute"},"schema":{"@context":"https:\/\/schema.org","@graph":[{"@type":"WebPage","@id":"https:\/\/www.wildbienenforschung.de\/unsere-forschung\/buergerforschung\/","url":"https:\/\/www.wildbienenforschung.de\/unsere-forschung\/buergerforschung\/","name":"[:de]B\u00fcrgerforschung[:en]Citizen Science[:] - Forschen f\u00fcr Wildbienen","isPartOf":{"@id":"https:\/\/www.wildbienenforschung.de\/#website"},"datePublished":"2022-06-29T13:36:50+00:00","dateModified":"2025-02-14T14:03:25+00:00","description":"Zuallererst steht bei Sozialunternehmen der soziale beziehungsweise \u00f6kologische Mehrwert im Zentrum. Wirtschaftlicher Erfolg dient haupts\u00e4chlich dazu, die Mittel und M\u00f6glichkeiten zu haben, die gesetzten Ziele zu erf\u00fcllen. Allerdings definieren sich Sozialunternehmen selbst oft nicht als Sozialunternehmen. Die hier vorgestellte Fragenliste kann Euch helfen, festzustellen, ob Ihr ein Sozialunternehmen seid und was Euch das vielleicht an Vorteilen bringen kann.","breadcrumb":{"@id":"https:\/\/www.wildbienenforschung.de\/unsere-forschung\/buergerforschung\/#breadcrumb"},"inLanguage":"en-GB","potentialAction":[{"@type":"ReadAction","target":["https:\/\/www.wildbienenforschung.de\/unsere-forschung\/buergerforschung\/"]}]},{"@type":"BreadcrumbList","@id":"https:\/\/www.wildbienenforschung.de\/unsere-forschung\/buergerforschung\/#breadcrumb","itemListElement":[{"@type":"ListItem","position":1,"name":"Unsere Forschung","item":"https:\/\/www.wildbienenforschung.de\/unsere-forschung\/"},{"@type":"ListItem","position":2,"name":"B\u00fcrgerforschung"}]},{"@type":"WebSite","@id":"https:\/\/www.wildbienenforschung.de\/#website","url":"https:\/\/www.wildbienenforschung.de\/","name":"Forschen f\u00fcr Wildbienen","description":"","publisher":{"@id":"https:\/\/www.wildbienenforschung.de\/#organization"},"potentialAction":[{"@type":"SearchAction","target":{"@type":"EntryPoint","urlTemplate":"https:\/\/www.wildbienenforschung.de\/?s={search_term_string}"},"query-input":"required name=search_term_string"}],"inLanguage":"en-GB"},{"@type":"Organization","@id":"https:\/\/www.wildbienenforschung.de\/#organization","name":"Museum f\u00fcr Naturkunde Berlin, Leibnitz-Institut f\u00fcr Evolutions- und Biodiversit\u00e4tsforschung","alternateName":"MfN","url":"https:\/\/www.wildbienenforschung.de\/","logo":{"@type":"ImageObject","inLanguage":"en-GB","@id":"https:\/\/www.wildbienenforschung.de\/#\/schema\/logo\/image\/","url":"https:\/\/www.wildbienenforschung.de\/wp-content\/uploads\/NKMBEEWILD_Logo_MfN@4x.jpg","contentUrl":"https:\/\/www.wildbienenforschung.de\/wp-content\/uploads\/NKMBEEWILD_Logo_MfN@4x.jpg","width":564,"height":324,"caption":"Museum f\u00fcr Naturkunde Berlin, Leibnitz-Institut f\u00fcr Evolutions- und Biodiversit\u00e4tsforschung"},"image":{"@id":"https:\/\/www.wildbienenforschung.de\/#\/schema\/logo\/image\/"}}]}},"_links":{"self":[{"href":"https:\/\/www.wildbienenforschung.de\/en\/wp-json\/wp\/v2\/pages\/10454"}],"collection":[{"href":"https:\/\/www.wildbienenforschung.de\/en\/wp-json\/wp\/v2\/pages"}],"about":[{"href":"https:\/\/www.wildbienenforschung.de\/en\/wp-json\/wp\/v2\/types\/page"}],"author":[{"embeddable":true,"href":"https:\/\/www.wildbienenforschung.de\/en\/wp-json\/wp\/v2\/users\/72"}],"replies":[{"embeddable":true,"href":"https:\/\/www.wildbienenforschung.de\/en\/wp-json\/wp\/v2\/comments?post=10454"}],"version-history":[{"count":0,"href":"https:\/\/www.wildbienenforschung.de\/en\/wp-json\/wp\/v2\/pages\/10454\/revisions"}],"up":[{"embeddable":true,"href":"https:\/\/www.wildbienenforschung.de\/en\/wp-json\/wp\/v2\/pages\/9462"}],"wp:attachment":[{"href":"https:\/\/www.wildbienenforschung.de\/en\/wp-json\/wp\/v2\/media?parent=10454"}],"curies":[{"name":"wp","href":"https:\/\/api.w.org\/{rel}","templated":true}]}}