{"id":10790,"date":"2023-01-17T15:55:11","date_gmt":"2023-01-17T14:55:11","guid":{"rendered":"https:\/\/www.wildbienenforschung.de\/?page_id=10790"},"modified":"2025-02-14T15:05:55","modified_gmt":"2025-02-14T14:05:55","slug":"unser-projekt","status":"publish","type":"page","link":"https:\/\/www.wildbienenforschung.de\/en\/unser-projekt\/","title":{"rendered":"Our Project"},"content":{"rendered":"<div class=\"line-height-readtext\">\n<p>The project began in 2019 by Monika Egerer with support from IPODI funding and the Institute of Ecology at the TU Berlin, where she built a network of community garden research sites. At the first Berlin Citizen Science Day 2019, the connection to the Museum f\u00fcr Naturkunde Berlin was established. Together we developed the Citizen Science approach and its link to urban ecology research.<\/p>\n<p>The gardening season 2020 marked the start of joint research with the gardeners from 18 gardens in Berlin. From January to November 2020, the project was carried out under the umbrella of the Berlin-Brandenburg Institute for Biodiversity Research. It was supported by the projects Bridging in Biodiversity Research (BIBS, funded by the Federal Ministry of Education and Research) and Discovering Urban Nature (funded by the Federal Ministry for the Environment, Nature Conservation and Nuclear Safety). The pilot project was awarded by the UN Decade on Biological Diversity 2020. The TU Berlin team consisted of Carolina Achilles, Sascha Buchholz, Julia Felderhof, Anika Gathof, Anita Grossman, Johann Hermann, Claudia Hilmer, Ingo Kowarik, Julia Lorenz, Birgit Seitz, and Tanja Straka, and other field technicians and support.<\/p>\n<p>In 2021, we received funding from the Heidehof Foundation and were able to expand the project to include 15 gardens in Munich.<\/p>\n<p>Since 2022, we have been funded by the Postcode Lottery Foundation. This funding enables us to continue the project and the cooperation with the gardens.<\/p>\n<\/div>\n","protected":false},"excerpt":{"rendered":"<p>The project began in 2019 by Monika Egerer with support from IPODI funding and the Institute of Ecology at the TU Berlin, where she built a network of community garden research sites. At the first Berlin Citizen &#8230;<\/p>\n","protected":false},"author":72,"featured_media":0,"parent":0,"menu_order":12,"comment_status":"closed","ping_status":"closed","template":"","meta":{"_acf_changed":false,"footnotes":""},"acf":[],"yoast_head":"\n<title>Our Project - Forschen f\u00fcr Wildbienen<\/title>\n<meta name=\"robots\" content=\"index, follow, max-snippet:-1, max-image-preview:large, max-video-preview:-1\" \/>\n<link rel=\"canonical\" href=\"https:\/\/www.wildbienenforschung.de\/unser-projekt\/\" \/>\n<meta property=\"og:locale\" content=\"en_GB\" \/>\n<meta property=\"og:type\" content=\"article\" \/>\n<meta property=\"og:title\" content=\"Our Project\" \/>\n<meta property=\"og:description\" content=\"The project began in 2019 by Monika Egerer with support from IPODI funding and the Institute of Ecology at the TU Berlin, where she built a network of community garden research sites. At the first Berlin Citizen ...\" \/>\n<meta property=\"og:url\" content=\"https:\/\/www.wildbienenforschung.de\/unser-projekt\/\" \/>\n<meta property=\"og:site_name\" content=\"Forschen f\u00fcr Wildbienen\" \/>\n<meta property=\"article:modified_time\" content=\"2025-02-14T14:05:55+00:00\" \/>\n<meta property=\"og:image\" content=\"https:\/\/www.wildbienenforschung.de\/wp-content\/uploads\/NKMBEEWILD_Social_1200x630.jpg\" \/>\n\t<meta property=\"og:image:width\" content=\"1200\" \/>\n\t<meta property=\"og:image:height\" content=\"630\" \/>\n\t<meta property=\"og:image:type\" content=\"image\/jpeg\" \/>\n<meta name=\"twitter:card\" content=\"summary_large_image\" \/>\n<meta name=\"twitter:label1\" content=\"Estimated reading time\" \/>\n\t<meta name=\"twitter:data1\" content=\"2 minutes\" \/>\n<script type=\"application\/ld+json\" class=\"yoast-schema-graph\">{\"@context\":\"https:\/\/schema.org\",\"@graph\":[{\"@type\":\"WebPage\",\"@id\":\"https:\/\/www.wildbienenforschung.de\/unser-projekt\/\",\"url\":\"https:\/\/www.wildbienenforschung.de\/unser-projekt\/\",\"name\":\"[:de]Unser Projekt[:en]Our Project[:] - Forschen f\u00fcr Wildbienen\",\"isPartOf\":{\"@id\":\"https:\/\/www.wildbienenforschung.de\/#website\"},\"datePublished\":\"2023-01-17T14:55:11+00:00\",\"dateModified\":\"2025-02-14T14:05:55+00:00\",\"inLanguage\":\"en-GB\",\"potentialAction\":[{\"@type\":\"ReadAction\",\"target\":[\"https:\/\/www.wildbienenforschung.de\/unser-projekt\/\"]}]},{\"@type\":\"WebSite\",\"@id\":\"https:\/\/www.wildbienenforschung.de\/#website\",\"url\":\"https:\/\/www.wildbienenforschung.de\/\",\"name\":\"Forschen f\u00fcr Wildbienen\",\"description\":\"\",\"publisher\":{\"@id\":\"https:\/\/www.wildbienenforschung.de\/#organization\"},\"potentialAction\":[{\"@type\":\"SearchAction\",\"target\":{\"@type\":\"EntryPoint\",\"urlTemplate\":\"https:\/\/www.wildbienenforschung.de\/?s={search_term_string}\"},\"query-input\":\"required name=search_term_string\"}],\"inLanguage\":\"en-GB\"},{\"@type\":\"Organization\",\"@id\":\"https:\/\/www.wildbienenforschung.de\/#organization\",\"name\":\"Museum f\u00fcr Naturkunde Berlin, Leibnitz-Institut f\u00fcr Evolutions- und Biodiversit\u00e4tsforschung\",\"alternateName\":\"MfN\",\"url\":\"https:\/\/www.wildbienenforschung.de\/\",\"logo\":{\"@type\":\"ImageObject\",\"inLanguage\":\"en-GB\",\"@id\":\"https:\/\/www.wildbienenforschung.de\/#\/schema\/logo\/image\/\",\"url\":\"https:\/\/www.wildbienenforschung.de\/wp-content\/uploads\/NKMBEEWILD_Logo_MfN@4x.jpg\",\"contentUrl\":\"https:\/\/www.wildbienenforschung.de\/wp-content\/uploads\/NKMBEEWILD_Logo_MfN@4x.jpg\",\"width\":564,\"height\":324,\"caption\":\"Museum f\u00fcr Naturkunde Berlin, Leibnitz-Institut f\u00fcr Evolutions- und Biodiversit\u00e4tsforschung\"},\"image\":{\"@id\":\"https:\/\/www.wildbienenforschung.de\/#\/schema\/logo\/image\/\"}}]}<\/script>\n","yoast_head_json":{"title":"Our Project - Forschen f\u00fcr Wildbienen","robots":{"index":"index","follow":"follow","max-snippet":"max-snippet:-1","max-image-preview":"max-image-preview:large","max-video-preview":"max-video-preview:-1"},"canonical":"https:\/\/www.wildbienenforschung.de\/unser-projekt\/","og_locale":"en_GB","og_type":"article","og_title":"[:de]Unser Projekt[:en]Our Project[:] - Forschen f\u00fcr Wildbienen","og_description":"The project began in 2019 by Monika Egerer with support from IPODI funding and the Institute of Ecology at the TU Berlin, where she built a network of community garden research sites. At the first Berlin Citizen ...","og_url":"https:\/\/www.wildbienenforschung.de\/unser-projekt\/","og_site_name":"Forschen f\u00fcr Wildbienen","article_modified_time":"2025-02-14T14:05:55+00:00","og_image":[{"width":1200,"height":630,"url":"https:\/\/www.wildbienenforschung.de\/wp-content\/uploads\/NKMBEEWILD_Social_1200x630.jpg","type":"image\/jpeg"}],"twitter_card":"summary_large_image","twitter_misc":{"Estimated reading time":"2 minutes"},"schema":{"@context":"https:\/\/schema.org","@graph":[{"@type":"WebPage","@id":"https:\/\/www.wildbienenforschung.de\/unser-projekt\/","url":"https:\/\/www.wildbienenforschung.de\/unser-projekt\/","name":"[:de]Unser Projekt[:en]Our Project[:] - Forschen f\u00fcr Wildbienen","isPartOf":{"@id":"https:\/\/www.wildbienenforschung.de\/#website"},"datePublished":"2023-01-17T14:55:11+00:00","dateModified":"2025-02-14T14:05:55+00:00","inLanguage":"en-GB","potentialAction":[{"@type":"ReadAction","target":["https:\/\/www.wildbienenforschung.de\/unser-projekt\/"]}]},{"@type":"WebSite","@id":"https:\/\/www.wildbienenforschung.de\/#website","url":"https:\/\/www.wildbienenforschung.de\/","name":"Forschen f\u00fcr Wildbienen","description":"","publisher":{"@id":"https:\/\/www.wildbienenforschung.de\/#organization"},"potentialAction":[{"@type":"SearchAction","target":{"@type":"EntryPoint","urlTemplate":"https:\/\/www.wildbienenforschung.de\/?s={search_term_string}"},"query-input":"required name=search_term_string"}],"inLanguage":"en-GB"},{"@type":"Organization","@id":"https:\/\/www.wildbienenforschung.de\/#organization","name":"Museum f\u00fcr Naturkunde Berlin, Leibnitz-Institut f\u00fcr Evolutions- und Biodiversit\u00e4tsforschung","alternateName":"MfN","url":"https:\/\/www.wildbienenforschung.de\/","logo":{"@type":"ImageObject","inLanguage":"en-GB","@id":"https:\/\/www.wildbienenforschung.de\/#\/schema\/logo\/image\/","url":"https:\/\/www.wildbienenforschung.de\/wp-content\/uploads\/NKMBEEWILD_Logo_MfN@4x.jpg","contentUrl":"https:\/\/www.wildbienenforschung.de\/wp-content\/uploads\/NKMBEEWILD_Logo_MfN@4x.jpg","width":564,"height":324,"caption":"Museum f\u00fcr Naturkunde Berlin, Leibnitz-Institut f\u00fcr Evolutions- und Biodiversit\u00e4tsforschung"},"image":{"@id":"https:\/\/www.wildbienenforschung.de\/#\/schema\/logo\/image\/"}}]}},"_links":{"self":[{"href":"https:\/\/www.wildbienenforschung.de\/en\/wp-json\/wp\/v2\/pages\/10790"}],"collection":[{"href":"https:\/\/www.wildbienenforschung.de\/en\/wp-json\/wp\/v2\/pages"}],"about":[{"href":"https:\/\/www.wildbienenforschung.de\/en\/wp-json\/wp\/v2\/types\/page"}],"author":[{"embeddable":true,"href":"https:\/\/www.wildbienenforschung.de\/en\/wp-json\/wp\/v2\/users\/72"}],"replies":[{"embeddable":true,"href":"https:\/\/www.wildbienenforschung.de\/en\/wp-json\/wp\/v2\/comments?post=10790"}],"version-history":[{"count":0,"href":"https:\/\/www.wildbienenforschung.de\/en\/wp-json\/wp\/v2\/pages\/10790\/revisions"}],"wp:attachment":[{"href":"https:\/\/www.wildbienenforschung.de\/en\/wp-json\/wp\/v2\/media?parent=10790"}],"curies":[{"name":"wp","href":"https:\/\/api.w.org\/{rel}","templated":true}]}}