{"id":10995,"date":"2023-02-06T18:54:25","date_gmt":"2023-02-06T17:54:25","guid":{"rendered":"https:\/\/www.wildbienenforschung.de\/?page_id=10995"},"modified":"2023-03-27T16:11:17","modified_gmt":"2023-03-27T14:11:17","slug":"gartenliste","status":"publish","type":"page","link":"https:\/\/www.wildbienenforschung.de\/en\/gartenliste\/","title":{"rendered":"Garden Directory"},"content":{"rendered":"","protected":false},"excerpt":{"rendered":"","protected":false},"author":28,"featured_media":0,"parent":0,"menu_order":4,"comment_status":"closed","ping_status":"closed","template":"","meta":{"_acf_changed":false,"footnotes":""},"acf":[],"yoast_head":"\n<title>Garden Directory - Forschen f\u00fcr Wildbienen<\/title>\n<meta name=\"robots\" content=\"index, follow, max-snippet:-1, max-image-preview:large, max-video-preview:-1\" \/>\n<link rel=\"canonical\" href=\"https:\/\/www.wildbienenforschung.de\/gartenliste\/\" \/>\n<meta property=\"og:locale\" content=\"en_GB\" \/>\n<meta property=\"og:type\" content=\"article\" \/>\n<meta property=\"og:title\" content=\"Garden Directory\" \/>\n<meta property=\"og:url\" content=\"https:\/\/www.wildbienenforschung.de\/gartenliste\/\" \/>\n<meta property=\"og:site_name\" content=\"Forschen f\u00fcr Wildbienen\" \/>\n<meta property=\"article:modified_time\" content=\"2023-03-27T14:11:17+00:00\" \/>\n<meta property=\"og:image\" content=\"https:\/\/www.wildbienenforschung.de\/wp-content\/uploads\/NKMBEEWILD_Social_1200x630.jpg\" \/>\n\t<meta property=\"og:image:width\" content=\"1200\" \/>\n\t<meta property=\"og:image:height\" content=\"630\" \/>\n\t<meta property=\"og:image:type\" content=\"image\/jpeg\" \/>\n<meta name=\"twitter:card\" content=\"summary_large_image\" \/>\n<script type=\"application\/ld+json\" class=\"yoast-schema-graph\">{\"@context\":\"https:\/\/schema.org\",\"@graph\":[{\"@type\":\"WebPage\",\"@id\":\"https:\/\/www.wildbienenforschung.de\/gartenliste\/\",\"url\":\"https:\/\/www.wildbienenforschung.de\/gartenliste\/\",\"name\":\"[:de]Liste Projekt-G\u00e4rten[:en]Garden Directory[:] - Forschen f\u00fcr Wildbienen\",\"isPartOf\":{\"@id\":\"https:\/\/www.wildbienenforschung.de\/#website\"},\"datePublished\":\"2023-02-06T17:54:25+00:00\",\"dateModified\":\"2023-03-27T14:11:17+00:00\",\"inLanguage\":\"en-GB\",\"potentialAction\":[{\"@type\":\"ReadAction\",\"target\":[\"https:\/\/www.wildbienenforschung.de\/gartenliste\/\"]}]},{\"@type\":\"WebSite\",\"@id\":\"https:\/\/www.wildbienenforschung.de\/#website\",\"url\":\"https:\/\/www.wildbienenforschung.de\/\",\"name\":\"Forschen f\u00fcr Wildbienen\",\"description\":\"\",\"publisher\":{\"@id\":\"https:\/\/www.wildbienenforschung.de\/#organization\"},\"potentialAction\":[{\"@type\":\"SearchAction\",\"target\":{\"@type\":\"EntryPoint\",\"urlTemplate\":\"https:\/\/www.wildbienenforschung.de\/?s={search_term_string}\"},\"query-input\":\"required name=search_term_string\"}],\"inLanguage\":\"en-GB\"},{\"@type\":\"Organization\",\"@id\":\"https:\/\/www.wildbienenforschung.de\/#organization\",\"name\":\"Museum f\u00fcr Naturkunde Berlin, Leibnitz-Institut f\u00fcr Evolutions- und Biodiversit\u00e4tsforschung\",\"alternateName\":\"MfN\",\"url\":\"https:\/\/www.wildbienenforschung.de\/\",\"logo\":{\"@type\":\"ImageObject\",\"inLanguage\":\"en-GB\",\"@id\":\"https:\/\/www.wildbienenforschung.de\/#\/schema\/logo\/image\/\",\"url\":\"https:\/\/www.wildbienenforschung.de\/wp-content\/uploads\/NKMBEEWILD_Logo_MfN@4x.jpg\",\"contentUrl\":\"https:\/\/www.wildbienenforschung.de\/wp-content\/uploads\/NKMBEEWILD_Logo_MfN@4x.jpg\",\"width\":564,\"height\":324,\"caption\":\"Museum f\u00fcr Naturkunde Berlin, Leibnitz-Institut f\u00fcr Evolutions- und Biodiversit\u00e4tsforschung\"},\"image\":{\"@id\":\"https:\/\/www.wildbienenforschung.de\/#\/schema\/logo\/image\/\"}}]}<\/script>\n","yoast_head_json":{"title":"Garden Directory - Forschen f\u00fcr Wildbienen","robots":{"index":"index","follow":"follow","max-snippet":"max-snippet:-1","max-image-preview":"max-image-preview:large","max-video-preview":"max-video-preview:-1"},"canonical":"https:\/\/www.wildbienenforschung.de\/gartenliste\/","og_locale":"en_GB","og_type":"article","og_title":"[:de]Liste Projekt-G\u00e4rten[:en]Garden Directory[:] - Forschen f\u00fcr Wildbienen","og_url":"https:\/\/www.wildbienenforschung.de\/gartenliste\/","og_site_name":"Forschen f\u00fcr Wildbienen","article_modified_time":"2023-03-27T14:11:17+00:00","og_image":[{"width":1200,"height":630,"url":"https:\/\/www.wildbienenforschung.de\/wp-content\/uploads\/NKMBEEWILD_Social_1200x630.jpg","type":"image\/jpeg"}],"twitter_card":"summary_large_image","schema":{"@context":"https:\/\/schema.org","@graph":[{"@type":"WebPage","@id":"https:\/\/www.wildbienenforschung.de\/gartenliste\/","url":"https:\/\/www.wildbienenforschung.de\/gartenliste\/","name":"[:de]Liste Projekt-G\u00e4rten[:en]Garden Directory[:] - Forschen f\u00fcr Wildbienen","isPartOf":{"@id":"https:\/\/www.wildbienenforschung.de\/#website"},"datePublished":"2023-02-06T17:54:25+00:00","dateModified":"2023-03-27T14:11:17+00:00","inLanguage":"en-GB","potentialAction":[{"@type":"ReadAction","target":["https:\/\/www.wildbienenforschung.de\/gartenliste\/"]}]},{"@type":"WebSite","@id":"https:\/\/www.wildbienenforschung.de\/#website","url":"https:\/\/www.wildbienenforschung.de\/","name":"Forschen f\u00fcr Wildbienen","description":"","publisher":{"@id":"https:\/\/www.wildbienenforschung.de\/#organization"},"potentialAction":[{"@type":"SearchAction","target":{"@type":"EntryPoint","urlTemplate":"https:\/\/www.wildbienenforschung.de\/?s={search_term_string}"},"query-input":"required name=search_term_string"}],"inLanguage":"en-GB"},{"@type":"Organization","@id":"https:\/\/www.wildbienenforschung.de\/#organization","name":"Museum f\u00fcr Naturkunde Berlin, Leibnitz-Institut f\u00fcr Evolutions- und Biodiversit\u00e4tsforschung","alternateName":"MfN","url":"https:\/\/www.wildbienenforschung.de\/","logo":{"@type":"ImageObject","inLanguage":"en-GB","@id":"https:\/\/www.wildbienenforschung.de\/#\/schema\/logo\/image\/","url":"https:\/\/www.wildbienenforschung.de\/wp-content\/uploads\/NKMBEEWILD_Logo_MfN@4x.jpg","contentUrl":"https:\/\/www.wildbienenforschung.de\/wp-content\/uploads\/NKMBEEWILD_Logo_MfN@4x.jpg","width":564,"height":324,"caption":"Museum f\u00fcr Naturkunde Berlin, Leibnitz-Institut f\u00fcr Evolutions- und Biodiversit\u00e4tsforschung"},"image":{"@id":"https:\/\/www.wildbienenforschung.de\/#\/schema\/logo\/image\/"}}]}},"_links":{"self":[{"href":"https:\/\/www.wildbienenforschung.de\/en\/wp-json\/wp\/v2\/pages\/10995"}],"collection":[{"href":"https:\/\/www.wildbienenforschung.de\/en\/wp-json\/wp\/v2\/pages"}],"about":[{"href":"https:\/\/www.wildbienenforschung.de\/en\/wp-json\/wp\/v2\/types\/page"}],"author":[{"embeddable":true,"href":"https:\/\/www.wildbienenforschung.de\/en\/wp-json\/wp\/v2\/users\/28"}],"replies":[{"embeddable":true,"href":"https:\/\/www.wildbienenforschung.de\/en\/wp-json\/wp\/v2\/comments?post=10995"}],"version-history":[{"count":0,"href":"https:\/\/www.wildbienenforschung.de\/en\/wp-json\/wp\/v2\/pages\/10995\/revisions"}],"wp:attachment":[{"href":"https:\/\/www.wildbienenforschung.de\/en\/wp-json\/wp\/v2\/media?parent=10995"}],"curies":[{"name":"wp","href":"https:\/\/api.w.org\/{rel}","templated":true}]}}