{"id":11101,"date":"2023-02-18T13:37:42","date_gmt":"2023-02-18T12:37:42","guid":{"rendered":"https:\/\/www.wildbienenforschung.de\/?page_id=11101"},"modified":"2023-03-13T22:51:34","modified_gmt":"2023-03-13T21:51:34","slug":"digitale-barrierefreiheit","status":"publish","type":"page","link":"https:\/\/www.wildbienenforschung.de\/en\/digitale-barrierefreiheit\/","title":{"rendered":"Web Accessibility"},"content":{"rendered":"<section id=\"prfung\" class=\"block block-headline block-no-margin hyph-disable\" data-anchor=\"Pr\u00fcfung\">\n<div class=\"container-fluid\">\n<div class=\"row\">\n<div class=\"col-xs-12 col-md-offset-2 col-md-8\">\n<div class=\"box\">\n<h3>Review<\/h3>\n<\/div>\n<\/div>\n<\/div>\n<\/div>\n<\/section>\n<section class=\"block block-copy\">\n<div class=\"container-fluid\">\n<div class=\"row \">\n<div class=\"col-xs-12 col-md-offset-2 col-md-8\">\n<div class=\"box\">\n<div class=\"copy\">\n<div class=\"read-speaker\">\n<p class=\"p1\"><span class=\"s1\">As operator of this website, the <a href=\"https:\/\/www.museumfuernaturkunde.berlin\/en\">Museum f\u00fcr Naturkunde Berlin<\/a> makes every effort to make the website fully accessible. The legal basis for this is the German Disability Equality Act (BGG) and the Accessible Information Technology Directive (BITV 2.0).<\/span><\/p>\n<p>&nbsp;<\/p>\n<\/div>\n<\/div>\n<\/div>\n<\/div>\n<\/div>\n<\/div>\n<\/section>\n<section id=\"zugnglichkeit\" class=\"block block-headline block-no-margin hyph-disable\" data-anchor=\"Zug\u00e4nglichkeit\">\n<div class=\"container-fluid\">\n<div class=\"row\">\n<div class=\"col-xs-12 col-md-offset-2 col-md-8\">\n<div class=\"box\">\n<h3>Accessibility<\/h3>\n<\/div>\n<\/div>\n<\/div>\n<\/div>\n<\/section>\n<section class=\"block block-copy\">\n<div class=\"container-fluid\">\n<div class=\"row \">\n<div class=\"col-xs-12 col-md-offset-2 col-md-8\">\n<div class=\"box\">\n<div class=\"copy\">\n<div class=\"read-speaker\">\n<p class=\"p1\"><span class=\"s1\">The website is currently still under construction, and is continuously adapted on that basis. The website is partly accessible. Documents published on the website in pdf format are not accessible.<\/span><\/p>\n<p>&nbsp;<\/p>\n<\/div>\n<\/div>\n<\/div>\n<\/div>\n<\/div>\n<\/div>\n<\/section>\n<section id=\"feedback-und-kontakt\" class=\"block block-headline block-no-margin hyph-disable\" data-anchor=\"Feedback und Kontakt\">\n<div class=\"container-fluid\">\n<div class=\"row\">\n<div class=\"col-xs-12 col-md-offset-2 col-md-8\">\n<div class=\"box\">\n<h3>Feedback and contact<\/h3>\n<\/div>\n<\/div>\n<\/div>\n<\/div>\n<\/section>\n<section class=\"block block-copy\">\n<div class=\"container-fluid\">\n<div class=\"row \">\n<div class=\"col-xs-12 col-md-offset-2 col-md-8\">\n<div class=\"box\">\n<div class=\"copy\">\n<div class=\"read-speaker\">\n<p class=\"p1\"><span class=\"s1\">Have you encountered problems with disability access to content on this website? Do you have any questions on the subject of accessibility? Please get in touch:<\/span><\/p>\n<p><span class=\"mfn-field__body\">Severely Disabled Representative Museum f\u00fcr Naturkunde Berlin<br \/>\nE-Mail: <a href=\"mailto:SBV@mfn.berlin\">SBV@mfn.berlin<\/a><\/span><\/p>\n<p>&nbsp;<\/p>\n<\/div>\n<\/div>\n<\/div>\n<\/div>\n<\/div>\n<\/div>\n<\/section>\n<section class=\"block block-copy\">\n<div class=\"container-fluid\">\n<div class=\"row \">\n<div class=\"col-xs-12 col-md-offset-2 col-md-8\">\n<div class=\"box\">\n<div class=\"copy\">\n<h2>Contact the state representative for digital accessibility<\/h2>\n<p><span class=\"mfn-field__body\">If your contact with the public body was not successful, you can contact the State Representative for Digital Accessibility.<\/span><\/p>\n<p>Schlichtungs\u00adstelle zum Behinderten\u00adgleichstellungs\u00adgesetz bei dem Beauftragten der Bundes\u00adregierung f\u00fcr die Belange von Menschen mit BehinderungenMauerstra\u00dfe 5310117 Berlin<\/p>\n<p>Phone: 030 18 527-2805<\/p>\n<p>Telefax: 030 18 527-2901<\/p>\n<p>E-Mail:\u00a0<a title=\"E-Mail an die Schlichtungsstelle senden\" href=\"mailto:info@schlichtungsstelle-bgg.de\">info@schlichtungsstelle-bgg.de<\/a><\/p>\n<p>Internet:\u00a0<a title=\"Link \u00f6ffnet in neuem Fenster: zur Schlichtungsstelle\" href=\"https:\/\/www.schlichtungsstelle-bgg.de\/\" target=\"_blank\" rel=\"noopener\">www.schlichtungsstelle-bgg.de<\/a><\/p>\n<p>You can submit a request to the mediation board to initiate the mediation process. Your request can be submitted by filling in an online form, in writing by post, by email or by recording it at the mediation board\u2019s offices.<\/p>\n<\/div>\n<\/div>\n<\/div>\n<\/div>\n<\/div>\n<\/section>\n<section id=\"erstelldatum\" class=\"block block-headline block-no-margin hyph-disable\" data-anchor=\"Erstelldatum\">\n<div class=\"container-fluid\">\n<div class=\"row\">\n<div class=\"col-xs-12 col-md-offset-2 col-md-8\">\n<div class=\"box\">\n<h2><\/h2>\n<h3>Date created<\/h3>\n<\/div>\n<\/div>\n<\/div>\n<\/div>\n<\/section>\n<section class=\"block block-copy\">\n<div class=\"container-fluid\">\n<div class=\"row \">\n<div class=\"col-xs-12 col-md-offset-2 col-md-8\">\n<div class=\"box\">\n<div class=\"copy\">\n<div class=\"read-speaker\">\n<ul>\n<li>This statement was created on 17\/02\/2023<\/li>\n<li>This statement was last modified on 17\/02\/2023<\/li>\n<li>Last updated on 17\/02\/2023<\/li>\n<\/ul>\n<\/div>\n<\/div>\n<\/div>\n<\/div>\n<\/div>\n<\/div>\n<\/section>\n","protected":false},"excerpt":{"rendered":"<p>Review As operator of this website, the Museum f\u00fcr Naturkunde Berlin makes every effort to make the website fully accessible. The legal basis for this is the German Disability Equality Act (BGG) and the Accessible Information Technology &#8230;<\/p>\n","protected":false},"author":75,"featured_media":0,"parent":0,"menu_order":1,"comment_status":"closed","ping_status":"closed","template":"","meta":{"_acf_changed":false,"footnotes":""},"acf":[],"yoast_head":"\n<title>Web Accessibility - Forschen f\u00fcr Wildbienen<\/title>\n<meta name=\"robots\" content=\"index, follow, max-snippet:-1, max-image-preview:large, max-video-preview:-1\" \/>\n<link rel=\"canonical\" href=\"https:\/\/nkmbeewild.devs.wigwam.im\/en\/digitale-barrierefreiheit\/\" \/>\n<meta property=\"og:locale\" content=\"en_GB\" \/>\n<meta property=\"og:type\" content=\"article\" \/>\n<meta property=\"og:title\" content=\"Web Accessibility\" \/>\n<meta property=\"og:description\" content=\"Review As operator of this website, the Museum f\u00fcr Naturkunde Berlin makes every effort to make the website fully accessible. The legal basis for this is the German Disability Equality Act (BGG) and the Accessible Information Technology ...\" \/>\n<meta property=\"og:url\" content=\"https:\/\/nkmbeewild.devs.wigwam.im\/en\/digitale-barrierefreiheit\/\" \/>\n<meta property=\"og:site_name\" content=\"Forschen f\u00fcr Wildbienen\" \/>\n<meta property=\"article:modified_time\" content=\"2023-03-13T21:51:34+00:00\" \/>\n<meta property=\"og:image\" content=\"https:\/\/www.wildbienenforschung.de\/wp-content\/uploads\/NKMBEEWILD_Social_1200x630.jpg\" \/>\n\t<meta property=\"og:image:width\" content=\"1200\" \/>\n\t<meta property=\"og:image:height\" content=\"630\" \/>\n\t<meta property=\"og:image:type\" content=\"image\/jpeg\" \/>\n<meta name=\"twitter:card\" content=\"summary_large_image\" \/>\n<meta name=\"twitter:label1\" content=\"Estimated reading time\" \/>\n\t<meta name=\"twitter:data1\" content=\"1 minute\" \/>\n<script type=\"application\/ld+json\" class=\"yoast-schema-graph\">{\"@context\":\"https:\/\/schema.org\",\"@graph\":[{\"@type\":\"WebPage\",\"@id\":\"https:\/\/nkmbeewild.devs.wigwam.im\/en\/digitale-barrierefreiheit\/\",\"url\":\"https:\/\/nkmbeewild.devs.wigwam.im\/en\/digitale-barrierefreiheit\/\",\"name\":\"[:de]Digitale Barrierefreiheit[:en]Web Accessibility[:] - Forschen f\u00fcr Wildbienen\",\"isPartOf\":{\"@id\":\"https:\/\/www.wildbienenforschung.de\/#website\"},\"datePublished\":\"2023-02-18T12:37:42+00:00\",\"dateModified\":\"2023-03-13T21:51:34+00:00\",\"inLanguage\":\"en-GB\",\"potentialAction\":[{\"@type\":\"ReadAction\",\"target\":[\"https:\/\/nkmbeewild.devs.wigwam.im\/en\/digitale-barrierefreiheit\/\"]}]},{\"@type\":\"WebSite\",\"@id\":\"https:\/\/www.wildbienenforschung.de\/#website\",\"url\":\"https:\/\/www.wildbienenforschung.de\/\",\"name\":\"Forschen f\u00fcr Wildbienen\",\"description\":\"\",\"publisher\":{\"@id\":\"https:\/\/www.wildbienenforschung.de\/#organization\"},\"potentialAction\":[{\"@type\":\"SearchAction\",\"target\":{\"@type\":\"EntryPoint\",\"urlTemplate\":\"https:\/\/www.wildbienenforschung.de\/?s={search_term_string}\"},\"query-input\":\"required name=search_term_string\"}],\"inLanguage\":\"en-GB\"},{\"@type\":\"Organization\",\"@id\":\"https:\/\/www.wildbienenforschung.de\/#organization\",\"name\":\"Museum f\u00fcr Naturkunde Berlin, Leibnitz-Institut f\u00fcr Evolutions- und Biodiversit\u00e4tsforschung\",\"alternateName\":\"MfN\",\"url\":\"https:\/\/www.wildbienenforschung.de\/\",\"logo\":{\"@type\":\"ImageObject\",\"inLanguage\":\"en-GB\",\"@id\":\"https:\/\/www.wildbienenforschung.de\/#\/schema\/logo\/image\/\",\"url\":\"https:\/\/www.wildbienenforschung.de\/wp-content\/uploads\/NKMBEEWILD_Logo_MfN@4x.jpg\",\"contentUrl\":\"https:\/\/www.wildbienenforschung.de\/wp-content\/uploads\/NKMBEEWILD_Logo_MfN@4x.jpg\",\"width\":564,\"height\":324,\"caption\":\"Museum f\u00fcr Naturkunde Berlin, Leibnitz-Institut f\u00fcr Evolutions- und Biodiversit\u00e4tsforschung\"},\"image\":{\"@id\":\"https:\/\/www.wildbienenforschung.de\/#\/schema\/logo\/image\/\"}}]}<\/script>\n","yoast_head_json":{"title":"Web Accessibility - Forschen f\u00fcr Wildbienen","robots":{"index":"index","follow":"follow","max-snippet":"max-snippet:-1","max-image-preview":"max-image-preview:large","max-video-preview":"max-video-preview:-1"},"canonical":"https:\/\/nkmbeewild.devs.wigwam.im\/en\/digitale-barrierefreiheit\/","og_locale":"en_GB","og_type":"article","og_title":"[:de]Digitale Barrierefreiheit[:en]Web Accessibility[:] - Forschen f\u00fcr Wildbienen","og_description":"Review As operator of this website, the Museum f\u00fcr Naturkunde Berlin makes every effort to make the website fully accessible. The legal basis for this is the German Disability Equality Act (BGG) and the Accessible Information Technology ...","og_url":"https:\/\/nkmbeewild.devs.wigwam.im\/en\/digitale-barrierefreiheit\/","og_site_name":"Forschen f\u00fcr Wildbienen","article_modified_time":"2023-03-13T21:51:34+00:00","og_image":[{"width":1200,"height":630,"url":"https:\/\/www.wildbienenforschung.de\/wp-content\/uploads\/NKMBEEWILD_Social_1200x630.jpg","type":"image\/jpeg"}],"twitter_card":"summary_large_image","twitter_misc":{"Estimated reading time":"1 minute"},"schema":{"@context":"https:\/\/schema.org","@graph":[{"@type":"WebPage","@id":"https:\/\/nkmbeewild.devs.wigwam.im\/en\/digitale-barrierefreiheit\/","url":"https:\/\/nkmbeewild.devs.wigwam.im\/en\/digitale-barrierefreiheit\/","name":"[:de]Digitale Barrierefreiheit[:en]Web Accessibility[:] - Forschen f\u00fcr Wildbienen","isPartOf":{"@id":"https:\/\/www.wildbienenforschung.de\/#website"},"datePublished":"2023-02-18T12:37:42+00:00","dateModified":"2023-03-13T21:51:34+00:00","inLanguage":"en-GB","potentialAction":[{"@type":"ReadAction","target":["https:\/\/nkmbeewild.devs.wigwam.im\/en\/digitale-barrierefreiheit\/"]}]},{"@type":"WebSite","@id":"https:\/\/www.wildbienenforschung.de\/#website","url":"https:\/\/www.wildbienenforschung.de\/","name":"Forschen f\u00fcr Wildbienen","description":"","publisher":{"@id":"https:\/\/www.wildbienenforschung.de\/#organization"},"potentialAction":[{"@type":"SearchAction","target":{"@type":"EntryPoint","urlTemplate":"https:\/\/www.wildbienenforschung.de\/?s={search_term_string}"},"query-input":"required name=search_term_string"}],"inLanguage":"en-GB"},{"@type":"Organization","@id":"https:\/\/www.wildbienenforschung.de\/#organization","name":"Museum f\u00fcr Naturkunde Berlin, Leibnitz-Institut f\u00fcr Evolutions- und Biodiversit\u00e4tsforschung","alternateName":"MfN","url":"https:\/\/www.wildbienenforschung.de\/","logo":{"@type":"ImageObject","inLanguage":"en-GB","@id":"https:\/\/www.wildbienenforschung.de\/#\/schema\/logo\/image\/","url":"https:\/\/www.wildbienenforschung.de\/wp-content\/uploads\/NKMBEEWILD_Logo_MfN@4x.jpg","contentUrl":"https:\/\/www.wildbienenforschung.de\/wp-content\/uploads\/NKMBEEWILD_Logo_MfN@4x.jpg","width":564,"height":324,"caption":"Museum f\u00fcr Naturkunde Berlin, Leibnitz-Institut f\u00fcr Evolutions- und Biodiversit\u00e4tsforschung"},"image":{"@id":"https:\/\/www.wildbienenforschung.de\/#\/schema\/logo\/image\/"}}]}},"_links":{"self":[{"href":"https:\/\/www.wildbienenforschung.de\/en\/wp-json\/wp\/v2\/pages\/11101"}],"collection":[{"href":"https:\/\/www.wildbienenforschung.de\/en\/wp-json\/wp\/v2\/pages"}],"about":[{"href":"https:\/\/www.wildbienenforschung.de\/en\/wp-json\/wp\/v2\/types\/page"}],"author":[{"embeddable":true,"href":"https:\/\/www.wildbienenforschung.de\/en\/wp-json\/wp\/v2\/users\/75"}],"replies":[{"embeddable":true,"href":"https:\/\/www.wildbienenforschung.de\/en\/wp-json\/wp\/v2\/comments?post=11101"}],"version-history":[{"count":0,"href":"https:\/\/www.wildbienenforschung.de\/en\/wp-json\/wp\/v2\/pages\/11101\/revisions"}],"wp:attachment":[{"href":"https:\/\/www.wildbienenforschung.de\/en\/wp-json\/wp\/v2\/media?parent=11101"}],"curies":[{"name":"wp","href":"https:\/\/api.w.org\/{rel}","templated":true}]}}