{"id":9462,"date":"2022-04-25T18:42:19","date_gmt":"2022-04-25T16:42:19","guid":{"rendered":"https:\/\/soimto.devs.wigwam.im\/?page_id=9462"},"modified":"2025-02-14T15:05:02","modified_gmt":"2025-02-14T14:05:02","slug":"unsere-forschung","status":"publish","type":"page","link":"https:\/\/www.wildbienenforschung.de\/en\/unsere-forschung\/","title":{"rendered":"Our Research"},"content":{"rendered":"<p>We work with 30 community gardens in Berlin and Munich, Germany that differ in urban context and garden management. Our aim is to investigate whether and how garden context, features and gardening practices can promote pollinator diversity, with a special focus on wild bee diversity, and support pollination efficiency. Our research is divided into three different areas:<\/p>\n","protected":false},"excerpt":{"rendered":"<p>We work with 30 community gardens in Berlin and Munich, Germany that differ in urban context and garden management. Our aim is to investigate whether and how garden context, features and gardening practices can promote pollinator diversity, &#8230;<\/p>\n","protected":false},"author":72,"featured_media":0,"parent":0,"menu_order":14,"comment_status":"closed","ping_status":"closed","template":"","meta":{"_acf_changed":false,"footnotes":""},"acf":[],"yoast_head":"\n<title>Our Research - Forschen f\u00fcr Wildbienen<\/title>\n<meta name=\"robots\" content=\"index, follow, max-snippet:-1, max-image-preview:large, max-video-preview:-1\" \/>\n<link rel=\"canonical\" href=\"https:\/\/www.wildbienenforschung.de\/unsere-forschung\/\" \/>\n<meta property=\"og:locale\" content=\"en_GB\" \/>\n<meta property=\"og:type\" content=\"article\" \/>\n<meta property=\"og:title\" content=\"Our Research\" \/>\n<meta property=\"og:description\" content=\"We work with 30 community gardens in Berlin and Munich, Germany that differ in urban context and garden management. Our aim is to investigate whether and how garden context, features and gardening practices can promote pollinator diversity, ...\" \/>\n<meta property=\"og:url\" content=\"https:\/\/www.wildbienenforschung.de\/unsere-forschung\/\" \/>\n<meta property=\"og:site_name\" content=\"Forschen f\u00fcr Wildbienen\" \/>\n<meta property=\"article:modified_time\" content=\"2025-02-14T14:05:02+00:00\" \/>\n<meta property=\"og:image\" content=\"https:\/\/www.wildbienenforschung.de\/wp-content\/uploads\/NKMBEEWILD_Social_1200x630.jpg\" \/>\n\t<meta property=\"og:image:width\" content=\"1200\" \/>\n\t<meta property=\"og:image:height\" content=\"630\" \/>\n\t<meta property=\"og:image:type\" content=\"image\/jpeg\" \/>\n<meta name=\"twitter:card\" content=\"summary_large_image\" \/>\n<meta name=\"twitter:label1\" content=\"Estimated reading time\" \/>\n\t<meta name=\"twitter:data1\" content=\"1 minute\" \/>\n<script type=\"application\/ld+json\" class=\"yoast-schema-graph\">{\"@context\":\"https:\/\/schema.org\",\"@graph\":[{\"@type\":\"WebPage\",\"@id\":\"https:\/\/www.wildbienenforschung.de\/unsere-forschung\/\",\"url\":\"https:\/\/www.wildbienenforschung.de\/unsere-forschung\/\",\"name\":\"[:de]Unsere Forschung[:en]Our Research[:] - Forschen f\u00fcr Wildbienen\",\"isPartOf\":{\"@id\":\"https:\/\/www.wildbienenforschung.de\/#website\"},\"datePublished\":\"2022-04-25T16:42:19+00:00\",\"dateModified\":\"2025-02-14T14:05:02+00:00\",\"inLanguage\":\"en-GB\",\"potentialAction\":[{\"@type\":\"ReadAction\",\"target\":[\"https:\/\/www.wildbienenforschung.de\/unsere-forschung\/\"]}]},{\"@type\":\"WebSite\",\"@id\":\"https:\/\/www.wildbienenforschung.de\/#website\",\"url\":\"https:\/\/www.wildbienenforschung.de\/\",\"name\":\"Forschen f\u00fcr Wildbienen\",\"description\":\"\",\"publisher\":{\"@id\":\"https:\/\/www.wildbienenforschung.de\/#organization\"},\"potentialAction\":[{\"@type\":\"SearchAction\",\"target\":{\"@type\":\"EntryPoint\",\"urlTemplate\":\"https:\/\/www.wildbienenforschung.de\/?s={search_term_string}\"},\"query-input\":\"required name=search_term_string\"}],\"inLanguage\":\"en-GB\"},{\"@type\":\"Organization\",\"@id\":\"https:\/\/www.wildbienenforschung.de\/#organization\",\"name\":\"Museum f\u00fcr Naturkunde Berlin, Leibnitz-Institut f\u00fcr Evolutions- und Biodiversit\u00e4tsforschung\",\"alternateName\":\"MfN\",\"url\":\"https:\/\/www.wildbienenforschung.de\/\",\"logo\":{\"@type\":\"ImageObject\",\"inLanguage\":\"en-GB\",\"@id\":\"https:\/\/www.wildbienenforschung.de\/#\/schema\/logo\/image\/\",\"url\":\"https:\/\/www.wildbienenforschung.de\/wp-content\/uploads\/NKMBEEWILD_Logo_MfN@4x.jpg\",\"contentUrl\":\"https:\/\/www.wildbienenforschung.de\/wp-content\/uploads\/NKMBEEWILD_Logo_MfN@4x.jpg\",\"width\":564,\"height\":324,\"caption\":\"Museum f\u00fcr Naturkunde Berlin, Leibnitz-Institut f\u00fcr Evolutions- und Biodiversit\u00e4tsforschung\"},\"image\":{\"@id\":\"https:\/\/www.wildbienenforschung.de\/#\/schema\/logo\/image\/\"}}]}<\/script>\n","yoast_head_json":{"title":"Our Research - Forschen f\u00fcr Wildbienen","robots":{"index":"index","follow":"follow","max-snippet":"max-snippet:-1","max-image-preview":"max-image-preview:large","max-video-preview":"max-video-preview:-1"},"canonical":"https:\/\/www.wildbienenforschung.de\/unsere-forschung\/","og_locale":"en_GB","og_type":"article","og_title":"[:de]Unsere Forschung[:en]Our Research[:] - Forschen f\u00fcr Wildbienen","og_description":"We work with 30 community gardens in Berlin and Munich, Germany that differ in urban context and garden management. Our aim is to investigate whether and how garden context, features and gardening practices can promote pollinator diversity, ...","og_url":"https:\/\/www.wildbienenforschung.de\/unsere-forschung\/","og_site_name":"Forschen f\u00fcr Wildbienen","article_modified_time":"2025-02-14T14:05:02+00:00","og_image":[{"width":1200,"height":630,"url":"https:\/\/www.wildbienenforschung.de\/wp-content\/uploads\/NKMBEEWILD_Social_1200x630.jpg","type":"image\/jpeg"}],"twitter_card":"summary_large_image","twitter_misc":{"Estimated reading time":"1 minute"},"schema":{"@context":"https:\/\/schema.org","@graph":[{"@type":"WebPage","@id":"https:\/\/www.wildbienenforschung.de\/unsere-forschung\/","url":"https:\/\/www.wildbienenforschung.de\/unsere-forschung\/","name":"[:de]Unsere Forschung[:en]Our Research[:] - Forschen f\u00fcr Wildbienen","isPartOf":{"@id":"https:\/\/www.wildbienenforschung.de\/#website"},"datePublished":"2022-04-25T16:42:19+00:00","dateModified":"2025-02-14T14:05:02+00:00","inLanguage":"en-GB","potentialAction":[{"@type":"ReadAction","target":["https:\/\/www.wildbienenforschung.de\/unsere-forschung\/"]}]},{"@type":"WebSite","@id":"https:\/\/www.wildbienenforschung.de\/#website","url":"https:\/\/www.wildbienenforschung.de\/","name":"Forschen f\u00fcr Wildbienen","description":"","publisher":{"@id":"https:\/\/www.wildbienenforschung.de\/#organization"},"potentialAction":[{"@type":"SearchAction","target":{"@type":"EntryPoint","urlTemplate":"https:\/\/www.wildbienenforschung.de\/?s={search_term_string}"},"query-input":"required name=search_term_string"}],"inLanguage":"en-GB"},{"@type":"Organization","@id":"https:\/\/www.wildbienenforschung.de\/#organization","name":"Museum f\u00fcr Naturkunde Berlin, Leibnitz-Institut f\u00fcr Evolutions- und Biodiversit\u00e4tsforschung","alternateName":"MfN","url":"https:\/\/www.wildbienenforschung.de\/","logo":{"@type":"ImageObject","inLanguage":"en-GB","@id":"https:\/\/www.wildbienenforschung.de\/#\/schema\/logo\/image\/","url":"https:\/\/www.wildbienenforschung.de\/wp-content\/uploads\/NKMBEEWILD_Logo_MfN@4x.jpg","contentUrl":"https:\/\/www.wildbienenforschung.de\/wp-content\/uploads\/NKMBEEWILD_Logo_MfN@4x.jpg","width":564,"height":324,"caption":"Museum f\u00fcr Naturkunde Berlin, Leibnitz-Institut f\u00fcr Evolutions- und Biodiversit\u00e4tsforschung"},"image":{"@id":"https:\/\/www.wildbienenforschung.de\/#\/schema\/logo\/image\/"}}]}},"_links":{"self":[{"href":"https:\/\/www.wildbienenforschung.de\/en\/wp-json\/wp\/v2\/pages\/9462"}],"collection":[{"href":"https:\/\/www.wildbienenforschung.de\/en\/wp-json\/wp\/v2\/pages"}],"about":[{"href":"https:\/\/www.wildbienenforschung.de\/en\/wp-json\/wp\/v2\/types\/page"}],"author":[{"embeddable":true,"href":"https:\/\/www.wildbienenforschung.de\/en\/wp-json\/wp\/v2\/users\/72"}],"replies":[{"embeddable":true,"href":"https:\/\/www.wildbienenforschung.de\/en\/wp-json\/wp\/v2\/comments?post=9462"}],"version-history":[{"count":0,"href":"https:\/\/www.wildbienenforschung.de\/en\/wp-json\/wp\/v2\/pages\/9462\/revisions"}],"wp:attachment":[{"href":"https:\/\/www.wildbienenforschung.de\/en\/wp-json\/wp\/v2\/media?parent=9462"}],"curies":[{"name":"wp","href":"https:\/\/api.w.org\/{rel}","templated":true}]}}